{"id":68,"date":"2017-09-20T02:46:30","date_gmt":"2017-09-20T00:46:30","guid":{"rendered":"http:\/\/teamblau-muc.de\/?page_id=68"},"modified":"2019-09-26T05:58:44","modified_gmt":"2019-09-26T03:58:44","slug":"was-wir-tun","status":"publish","type":"page","link":"https:\/\/team-blau-gmbh.de\/?page_id=68","title":{"rendered":"Was wir tun"},"content":{"rendered":"<h4>Management<\/h4>\n<p>Ob die Leitung eines Unternehmens (IT, Print, Logistik, Schulung, M&amp;E), einer Abteilung (Marketing, Akquise, Vertrieb) oder eines Projekts (Unternehmen, Vereine, Kommune, international), ob f\u00fcr kuze Zeit als Interimsmanager oder mittelfristig &#8211; wir ziehen &#8222;stets den Hut unsres Kunden&#8220; auf. Unsere Mitarbeiter sind Ihre Mitarbeiter!<\/p>\n<h4>Consulting<\/h4>\n<p>Zuh\u00f6ren und Lernen geh\u00f6ren zu den Schl\u00fcsselelementen jeder L\u00f6sung. Wir bem\u00fchen uns, Ihr Unternehmen, Ihre Unternehmenskultur und Ihre Managementphilosophie kennen zu lernen. Wir pr\u00fcfen komplizierte Sachverhalte und Herausforderungen, die das Wachstum Ihres Unternehmens beeinflussen. Team Blau kann Ihnen alternative Personall\u00f6sungen anbieten, die h\u00e4ufig Ihre Kosten reduzieren und dennoch ihren Qualit\u00e4tsstandards entsprechen.<\/p>\n<h4><strong>Umfassendes Know-how haben wir in den Bereichen:<\/strong><\/h4>\n<h4>IT-Beratung<\/h4>\n<p style=\"background-color: transparent;\">Team Blau verf\u00fcgt \u00fcber Erfahrung mit diversen Systemen. Erworben wurde diese durch Planung, Implementationen und Einsatz von z.B. Compiere, Kivitendo, BaaN, JDEdwards oder ODOO auch in internationalen Projekten. Ob Services unter Windows oder Unix laufen, f\u00fcr die \u00f6ffentliche Hand, KMUs oder die Industrie, wir beraten, installieren, migrieren, betreiben &#8230; CRM, WordPress, Typo3 oder sonstige Dienste, fragen Sie einfach nach unserer Expertise. Unsere Berater zeichnen sich dadurch aus, dass sie kosteneffektiv die Ergebnisse liefern, die unsere Kunden fordern.<\/p>\n<h4>Produktentwicklung<\/h4>\n<p>Im Bereich Programmierung k\u00f6nnen wir auf breite Erfahrung bei Eigen- sowie Auftragsentwicklung bauen. Beratend erstreckt sich unsere Expertise auf innovative Maschinenentwicklung sowie den gesamten Print- und den Fullfillment-Bereich.<\/p>\n<h4>Schulung<\/h4>\n<p>Konzeption (Arbeitsamt, Unternehmen) und Durchf\u00fchrung (IT, PC, Anleitungen) von Schulungen und Workshops (OSS WS Sofia \/ Bay. Staatskanzlei, Unternehmen, Vereine, Verb\u00e4nde, Kommune) geh\u00f6ren zu unserem Portfolio. Die Aus- und Weiterbildung durch unsere Teams erfolgt entweder bei uns oder vor Ort in Ihrem Unternehmen.<\/p>\n<h4>Dienstleistung<\/h4>\n<p style=\"background-color: transparent;\">Team Blau GmbH verf\u00fcgt \u00fcber erfahrene Helfer f\u00fcr das &#8222;daily Business&#8220;. Nennen Sie uns Ihre W\u00fcnsche und wir organisieren f\u00fcr Sie alles N\u00f6tige.<\/p>\n<h4 style=\"background-color: transparent;\">Erneuerbare Energien<\/h4>\n<p style=\"background-color: transparent;\">In Sri Lanka, das sich als &#8222;Asiatischer Dreh- und Angelpunkt (Asia-Hub)&#8220; versteht, entsteht gerade als Partner von SMA, ADS-TEC und GreenRock unser &#8222;Ceylon Office&#8220; mit Beraterst\u00fctzpunkt, Werkstatt und Schulungszentrum. Im Oktober nimmt Team Blau an der AHK-Gesch\u00e4ftsreise Vietnam &#8222;Photovoltaik &amp; Smart-Grids&#8220; teil.<\/p>\n","protected":false},"excerpt":{"rendered":"<p>Management Ob die Leitung eines Unternehmens (IT, Print, Logistik, Schulung, M&amp;E), einer Abteilung (Marketing, Akquise, Vertrieb) oder eines Projekts (Unternehmen, Vereine, Kommune, international), ob f\u00fcr kuze Zeit als Interimsmanager oder [&hellip;]<\/p>\n","protected":false},"author":2,"featured_media":0,"parent":0,"menu_order":0,"comment_status":"closed","ping_status":"closed","template":"","meta":{"footnotes":""},"class_list":["post-68","page","type-page","status-publish","hentry"],"_links":{"self":[{"href":"https:\/\/team-blau-gmbh.de\/index.php?rest_route=\/wp\/v2\/pages\/68","targetHints":{"allow":["GET"]}}],"collection":[{"href":"https:\/\/team-blau-gmbh.de\/index.php?rest_route=\/wp\/v2\/pages"}],"about":[{"href":"https:\/\/team-blau-gmbh.de\/index.php?rest_route=\/wp\/v2\/types\/page"}],"author":[{"embeddable":true,"href":"https:\/\/team-blau-gmbh.de\/index.php?rest_route=\/wp\/v2\/users\/2"}],"replies":[{"embeddable":true,"href":"https:\/\/team-blau-gmbh.de\/index.php?rest_route=%2Fwp%2Fv2%2Fcomments&post=68"}],"version-history":[{"count":11,"href":"https:\/\/team-blau-gmbh.de\/index.php?rest_route=\/wp\/v2\/pages\/68\/revisions"}],"predecessor-version":[{"id":657,"href":"https:\/\/team-blau-gmbh.de\/index.php?rest_route=\/wp\/v2\/pages\/68\/revisions\/657"}],"wp:attachment":[{"href":"https:\/\/team-blau-gmbh.de\/index.php?rest_route=%2Fwp%2Fv2%2Fmedia&parent=68"}],"curies":[{"name":"wp","href":"https:\/\/api.w.org\/{rel}","templated":true}]}}