{"id":61,"date":"2017-09-20T02:01:04","date_gmt":"2017-09-20T00:01:04","guid":{"rendered":"http:\/\/teamblau-muc.de\/?page_id=61"},"modified":"2019-05-03T14:44:02","modified_gmt":"2019-05-03T12:44:02","slug":"unsere-philosophie","status":"publish","type":"page","link":"https:\/\/team-blau-gmbh.de\/?page_id=61","title":{"rendered":"Unsere Philosophie"},"content":{"rendered":"<p style=\"background-color: transparent;\">F\u00fcr den Firmengr\u00fcnder stand vor dem Start fest: <b>&#8222;Unsere Kunden verdienen unsere volle Aufmerksamkeit und eine aufrichtige Behandlung&#8220;<\/b>.<\/p>\n<p style=\"background-color: transparent;\">Dieser Grundsatz hat uns von Anfang an begleitet und sich bei allen Aufgaben von Dienstleistung, Beschaffung, Programmierung \u00fcber Beratung, Coaching, Schulung bis hin zu Management, Interims-Management und Projektleitung stets als richtig erwiesen.<\/p>\n<p>Um unserer Maxime zu unterstreichen haben wir die entsprechenden Kompetenzen aufgebaut und die n\u00f6tige Infrastruktur geschaffen. Wir waren mit unseren Kenntnissen und Erfahrungen stets in der Lage, den &#8222;Stand der Technik&#8220; zu implementieren ohne neue Technologien um deren selbst willen einzusetzen. Dies schont die Geldb\u00f6rsen unserer Kunden und erh\u00f6ht unsere Glaubw\u00fcrdigkeit.<\/p>\n<p>Die komplette L\u00f6sung einer Aufgabe kann durch uns erfolgen. Wir managen Ihr Vorhaben gesamtverantwortlich. Oder wir stellen Ihnen erfahrene Berater an die Seite und Sie haben die Gesamtleitung des Vorhabens. Sollte Unterst\u00fctzung vor Ort ben\u00f6tigt werden, k\u00f6nnen wir jederzeit qualifizierte Mitarbeiter abstellen.<\/p>\n<p>Die Team Blau GmbH ist eine Unternehmensberatung mit breiter Kompetenz von Gesch\u00e4ftsprozessen bis hin zum Werkzeug EDV. Flankiert wird dies durch gut ausgebildete Fachleute und erfahrene Praktiker aus den jeweiligen Arbeitsbereichen unserer Kunden. Wir stellen schnell und kosteneffektiv Ressourcen und Know-how bereit.<\/p>\n","protected":false},"excerpt":{"rendered":"<p>F\u00fcr den Firmengr\u00fcnder stand vor dem Start fest: &#8222;Unsere Kunden verdienen unsere volle Aufmerksamkeit und eine aufrichtige Behandlung&#8220;. Dieser Grundsatz hat uns von Anfang an begleitet und sich bei allen [&hellip;]<\/p>\n","protected":false},"author":2,"featured_media":0,"parent":0,"menu_order":0,"comment_status":"closed","ping_status":"closed","template":"","meta":{"footnotes":""},"class_list":["post-61","page","type-page","status-publish","hentry"],"_links":{"self":[{"href":"https:\/\/team-blau-gmbh.de\/index.php?rest_route=\/wp\/v2\/pages\/61","targetHints":{"allow":["GET"]}}],"collection":[{"href":"https:\/\/team-blau-gmbh.de\/index.php?rest_route=\/wp\/v2\/pages"}],"about":[{"href":"https:\/\/team-blau-gmbh.de\/index.php?rest_route=\/wp\/v2\/types\/page"}],"author":[{"embeddable":true,"href":"https:\/\/team-blau-gmbh.de\/index.php?rest_route=\/wp\/v2\/users\/2"}],"replies":[{"embeddable":true,"href":"https:\/\/team-blau-gmbh.de\/index.php?rest_route=%2Fwp%2Fv2%2Fcomments&post=61"}],"version-history":[{"count":7,"href":"https:\/\/team-blau-gmbh.de\/index.php?rest_route=\/wp\/v2\/pages\/61\/revisions"}],"predecessor-version":[{"id":632,"href":"https:\/\/team-blau-gmbh.de\/index.php?rest_route=\/wp\/v2\/pages\/61\/revisions\/632"}],"wp:attachment":[{"href":"https:\/\/team-blau-gmbh.de\/index.php?rest_route=%2Fwp%2Fv2%2Fmedia&parent=61"}],"curies":[{"name":"wp","href":"https:\/\/api.w.org\/{rel}","templated":true}]}}