{"id":354,"date":"2019-02-18T20:45:43","date_gmt":"2019-02-18T19:45:43","guid":{"rendered":"http:\/\/teamblau-muc.de\/?page_id=354"},"modified":"2019-02-18T20:45:43","modified_gmt":"2019-02-18T19:45:43","slug":"eigenversorgung-von-gebaeuden-mit-solarenergie","status":"publish","type":"page","link":"https:\/\/team-blau-gmbh.de\/?page_id=354","title":{"rendered":"Eigenversorgung von Geb\u00e4uden mit Solarenergie"},"content":{"rendered":"\n<p>Der  steigende Bedarf an Solarenergie zur Eigenversorgung von Geb\u00e4uden in  Sri Lanka er\u00f6ffnet momentan gute M\u00f6glichkeiten &#8230; <\/p>\n\n\n\n<p>Team Blau nimmt vom 25. bis 28. M\u00e4rz 2019 an der Gesch\u00e4ftsreise im Rahmen der Exportinitiative Energie des  Bundesministeriums f\u00fcr Wirtschaft und Energie zum Thema&nbsp;\u201eEigenversorgung  von Geb\u00e4uden mit Solarenergie&#8220; nach Colombo, Sri Lanka teil. Durchgef\u00fchrt wird  die Reise von der Delegation der  deutschen Wirtschaft in Sri Lanka in  Zusammenarbeit mit dem OAV (German  Asia-Pacific Business Association)  und bw-i  (Baden-W\u00fcrttemberg International).<\/p>\n","protected":false},"excerpt":{"rendered":"<p>Der steigende Bedarf an Solarenergie zur Eigenversorgung von Geb\u00e4uden in Sri Lanka er\u00f6ffnet momentan gute M\u00f6glichkeiten &#8230; Team Blau nimmt vom 25. bis 28. M\u00e4rz 2019 an der Gesch\u00e4ftsreise im [&hellip;]<\/p>\n","protected":false},"author":2,"featured_media":0,"parent":283,"menu_order":0,"comment_status":"closed","ping_status":"closed","template":"","meta":{"footnotes":""},"class_list":["post-354","page","type-page","status-publish","hentry"],"_links":{"self":[{"href":"https:\/\/team-blau-gmbh.de\/index.php?rest_route=\/wp\/v2\/pages\/354","targetHints":{"allow":["GET"]}}],"collection":[{"href":"https:\/\/team-blau-gmbh.de\/index.php?rest_route=\/wp\/v2\/pages"}],"about":[{"href":"https:\/\/team-blau-gmbh.de\/index.php?rest_route=\/wp\/v2\/types\/page"}],"author":[{"embeddable":true,"href":"https:\/\/team-blau-gmbh.de\/index.php?rest_route=\/wp\/v2\/users\/2"}],"replies":[{"embeddable":true,"href":"https:\/\/team-blau-gmbh.de\/index.php?rest_route=%2Fwp%2Fv2%2Fcomments&post=354"}],"version-history":[{"count":1,"href":"https:\/\/team-blau-gmbh.de\/index.php?rest_route=\/wp\/v2\/pages\/354\/revisions"}],"predecessor-version":[{"id":355,"href":"https:\/\/team-blau-gmbh.de\/index.php?rest_route=\/wp\/v2\/pages\/354\/revisions\/355"}],"up":[{"embeddable":true,"href":"https:\/\/team-blau-gmbh.de\/index.php?rest_route=\/wp\/v2\/pages\/283"}],"wp:attachment":[{"href":"https:\/\/team-blau-gmbh.de\/index.php?rest_route=%2Fwp%2Fv2%2Fmedia&parent=354"}],"curies":[{"name":"wp","href":"https:\/\/api.w.org\/{rel}","templated":true}]}}